{"id":2057,"date":"2025-03-18T14:04:16","date_gmt":"2025-03-18T14:04:16","guid":{"rendered":"https:\/\/mg-energyconsulting.de\/?page_id=2057"},"modified":"2025-05-12T12:31:56","modified_gmt":"2025-05-12T12:31:56","slug":"privacypolicy","status":"publish","type":"page","link":"https:\/\/mg-energyconsulting.de\/?page_id=2057","title":{"rendered":"Datenschutz"},"content":{"rendered":"\t\t<div data-elementor-type=\"wp-post\" data-elementor-id=\"2057\" class=\"elementor elementor-2057\">\n\t\t\t\t\t\t<section class=\"elementor-section elementor-top-section elementor-element elementor-element-24273c3 elementor-section-content-middle elementor-section-boxed elementor-section-height-default elementor-section-height-default\" data-id=\"24273c3\" data-element_type=\"section\" data-e-type=\"section\" data-settings=\"{&quot;jet_parallax_layout_list&quot;:[{&quot;jet_parallax_layout_image&quot;:{&quot;url&quot;:&quot;&quot;,&quot;id&quot;:&quot;&quot;,&quot;size&quot;:&quot;&quot;},&quot;_id&quot;:&quot;754e7b8&quot;,&quot;jet_parallax_layout_speed&quot;:{&quot;unit&quot;:&quot;{2425dfb034ebc5758bfa20583dd174dbad440270271803477b899e9ea477a0a0}&quot;,&quot;size&quot;:50,&quot;sizes&quot;:[]},&quot;jet_parallax_layout_image_tablet&quot;:{&quot;url&quot;:&quot;&quot;,&quot;id&quot;:&quot;&quot;,&quot;size&quot;:&quot;&quot;},&quot;jet_parallax_layout_image_mobile&quot;:{&quot;url&quot;:&quot;&quot;,&quot;id&quot;:&quot;&quot;,&quot;size&quot;:&quot;&quot;},&quot;jet_parallax_layout_type&quot;:&quot;scroll&quot;,&quot;jet_parallax_layout_direction&quot;:null,&quot;jet_parallax_layout_fx_direction&quot;:null,&quot;jet_parallax_layout_z_index&quot;:&quot;&quot;,&quot;jet_parallax_layout_bg_x&quot;:50,&quot;jet_parallax_layout_bg_x_tablet&quot;:&quot;&quot;,&quot;jet_parallax_layout_bg_x_mobile&quot;:&quot;&quot;,&quot;jet_parallax_layout_bg_y&quot;:50,&quot;jet_parallax_layout_bg_y_tablet&quot;:&quot;&quot;,&quot;jet_parallax_layout_bg_y_mobile&quot;:&quot;&quot;,&quot;jet_parallax_layout_bg_size&quot;:&quot;auto&quot;,&quot;jet_parallax_layout_bg_size_tablet&quot;:&quot;&quot;,&quot;jet_parallax_layout_bg_size_mobile&quot;:&quot;&quot;,&quot;jet_parallax_layout_animation_prop&quot;:&quot;transform&quot;,&quot;jet_parallax_layout_on&quot;:[&quot;desktop&quot;,&quot;tablet&quot;]}]}\">\n\t\t\t\t\t\t<div class=\"elementor-container elementor-column-gap-default\">\n\t\t\t\t\t<div class=\"elementor-column elementor-col-100 elementor-top-column elementor-element elementor-element-aa25e4d\" data-id=\"aa25e4d\" data-element_type=\"column\" data-e-type=\"column\">\n\t\t\t<div class=\"elementor-widget-wrap elementor-element-populated\">\n\t\t\t\t\t\t<div class=\"elementor-element elementor-element-63092f7 elementor-invisible elementor-widget elementor-widget-heading\" data-id=\"63092f7\" data-element_type=\"widget\" data-e-type=\"widget\" data-settings=\"{&quot;_animation&quot;:&quot;fadeInUp&quot;}\" data-widget_type=\"heading.default\">\n\t\t\t\t<div class=\"elementor-widget-container\">\n\t\t\t\t\t<h2 class=\"elementor-heading-title elementor-size-default\">Datenschutzerkl\u00e4rung<\/h2>\t\t\t\t<\/div>\n\t\t\t\t<\/div>\n\t\t\t\t<div class=\"elementor-element elementor-element-f1ca149 elementor-widget elementor-widget-spacer\" data-id=\"f1ca149\" data-element_type=\"widget\" data-e-type=\"widget\" data-widget_type=\"spacer.default\">\n\t\t\t\t<div class=\"elementor-widget-container\">\n\t\t\t\t\t\t\t<div class=\"elementor-spacer\">\n\t\t\t<div class=\"elementor-spacer-inner\"><\/div>\n\t\t<\/div>\n\t\t\t\t\t\t<\/div>\n\t\t\t\t<\/div>\n\t\t\t\t<div class=\"elementor-element elementor-element-3843 elementor-invisible elementor-widget elementor-widget-text-editor\" data-id=\"3843\" data-element_type=\"widget\" data-e-type=\"widget\" data-settings=\"{&quot;_animation&quot;:&quot;fadeInUp&quot;}\" data-widget_type=\"text-editor.default\">\n\t\t\t\t<div class=\"elementor-widget-container\">\n\t\t\t\t\t\t\t\t\t<p data-start=\"361\" data-end=\"395\"><strong>1. Datenschutz auf einen Blick<\/strong><\/p><p data-start=\"397\" data-end=\"785\"><strong data-start=\"397\" data-end=\"420\">Allgemeine Hinweise<\/strong><br data-start=\"420\" data-end=\"423\" \/>Die folgenden Hinweise geben einen einfachen \u00dcberblick dar\u00fcber, was mit Ihren personenbezogenen Daten passiert, wenn Sie diese Website besuchen. Personenbezogene Daten sind alle Daten, mit denen Sie pers\u00f6nlich identifiziert werden k\u00f6nnen. Ausf\u00fchrliche Informationen zum Thema Datenschutz entnehmen Sie unserer unter diesem Text aufgef\u00fchrten Datenschutzerkl\u00e4rung.<\/p><p data-start=\"787\" data-end=\"1100\"><strong data-start=\"787\" data-end=\"824\">Datenerfassung auf dieser Website<\/strong><br data-start=\"824\" data-end=\"827\" \/><strong data-start=\"827\" data-end=\"896\">Wer ist verantwortlich f\u00fcr die Datenerfassung auf dieser Website?<\/strong><br data-start=\"896\" data-end=\"899\" \/>Die Datenverarbeitung auf dieser Website erfolgt durch den Websitebetreiber. Dessen Kontaktdaten k\u00f6nnen Sie dem Abschnitt \u201eHinweis zur Verantwortlichen Stelle\u201c in dieser Datenschutzerkl\u00e4rung entnehmen.<\/p><p data-start=\"1102\" data-end=\"1459\"><strong data-start=\"1102\" data-end=\"1134\">Wie erfassen wir Ihre Daten?<\/strong><br data-start=\"1134\" data-end=\"1137\" \/>Ihre Daten werden zum einen dadurch erhoben, dass Sie uns diese mitteilen, z.\u202fB. durch das Ausf\u00fcllen eines Kontaktformulars. Andere Daten werden automatisch beim Besuch der Website durch unsere IT-Systeme erfasst \u2013 das sind vor allem technische Daten (z.\u202fB. Internetbrowser, Betriebssystem oder Uhrzeit des Seitenaufrufs).<\/p><p data-start=\"1461\" data-end=\"1666\"><strong data-start=\"1461\" data-end=\"1493\">Wof\u00fcr nutzen wir Ihre Daten?<\/strong><br data-start=\"1493\" data-end=\"1496\" \/>Ein Teil der Daten wird erhoben, um eine fehlerfreie Bereitstellung der Website zu gew\u00e4hrleisten. Andere Daten k\u00f6nnen zur Analyse Ihres Nutzerverhaltens verwendet werden.<\/p><p data-start=\"1668\" data-end=\"2160\"><strong data-start=\"1668\" data-end=\"1718\">Welche Rechte haben Sie bez\u00fcglich Ihrer Daten?<\/strong><br data-start=\"1718\" data-end=\"1721\" \/>Sie haben jederzeit das Recht, unentgeltlich Auskunft \u00fcber Herkunft, Empf\u00e4nger und Zweck Ihrer gespeicherten personenbezogenen Daten zu erhalten. Au\u00dferdem haben Sie ein Recht auf Berichtigung oder L\u00f6schung dieser Daten sowie ein Recht auf Einschr\u00e4nkung der Verarbeitung. Zudem steht Ihnen ein Beschwerderecht bei der zust\u00e4ndigen Aufsichtsbeh\u00f6rde zu. Eine bereits erteilte Einwilligung zur Datenverarbeitung k\u00f6nnen Sie jederzeit widerrufen.<\/p><hr data-start=\"2162\" data-end=\"2165\" \/><p data-start=\"2167\" data-end=\"2181\"><strong>2. Hosting<\/strong><\/p><p data-start=\"2183\" data-end=\"2467\"><strong data-start=\"2183\" data-end=\"2203\">Externes Hosting<\/strong><br data-start=\"2203\" data-end=\"2206\" \/>Diese Website wird extern gehostet. Personenbezogene Daten, die auf dieser Website erfasst werden, werden auf den Servern des Hosters gespeichert. Das betrifft z.\u202fB. IP-Adressen, Kontaktanfragen, Meta- und Kommunikationsdaten, Vertragsdaten und Websitezugriffe.<\/p><p data-start=\"2469\" data-end=\"2762\"><strong data-start=\"2469\" data-end=\"2505\">Wir setzen folgenden Hoster ein:<\/strong><br data-start=\"2505\" data-end=\"2508\" \/><strong data-start=\"2508\" data-end=\"2549\">H\u00fcniger Media UG (haftungsbeschr\u00e4nkt)<\/strong><br data-start=\"2549\" data-end=\"2552\" \/>Breslauer Str. 9<br data-start=\"2568\" data-end=\"2571\" \/>67722 Winnweiler<br data-start=\"2587\" data-end=\"2590\" \/>E-Mail: <a class=\"cursor-pointer\" rel=\"noopener\" data-start=\"2598\" data-end=\"2617\">info@das-angebot.de<\/a><br data-start=\"2617\" data-end=\"2620\" \/>Telefon: 06302 607 4177<br data-start=\"2643\" data-end=\"2646\" \/>Web: <a class=\"\" href=\"http:\/\/www.das-angebot.de\" target=\"_new\" rel=\"noopener\" data-start=\"2651\" data-end=\"2669\">www.das-angebot.de<\/a><br data-start=\"2669\" data-end=\"2672\" \/>Gesch\u00e4ftsf\u00fchrer: Mark H\u00fcniger<br data-start=\"2701\" data-end=\"2704\" \/>HRB 33382 Amtsgericht Kaiserslautern<br data-start=\"2740\" data-end=\"2743\" \/>USt-ID: DE350373811<\/p><p data-start=\"2764\" data-end=\"2913\"><strong data-start=\"2764\" data-end=\"2788\">Auftragsverarbeitung<\/strong><br data-start=\"2788\" data-end=\"2791\" \/>Wir haben mit dem oben genannten Dienstleister einen Auftragsverarbeitungsvertrag (AVV) gem\u00e4\u00df Art. 28 DSGVO abgeschlossen.<\/p><hr data-start=\"2915\" data-end=\"2918\" \/><p data-start=\"2920\" data-end=\"2971\"><strong>3. Allgemeine Hinweise und Pflichtinformationen<\/strong><\/p><p data-start=\"2973\" data-end=\"3107\"><strong data-start=\"2973\" data-end=\"2988\">Datenschutz<\/strong><br data-start=\"2988\" data-end=\"2991\" \/>Die Betreiber dieser Seiten \u2013 <strong data-start=\"3021\" data-end=\"3050\">MG Energy Consulting GmbH<\/strong> \u2013 nehmen den Schutz Ihrer pers\u00f6nlichen Daten sehr ernst.<\/p><p data-start=\"3109\" data-end=\"3223\"><strong data-start=\"3109\" data-end=\"3148\">Hinweis zur verantwortlichen Stelle<\/strong><br data-start=\"3148\" data-end=\"3151\" \/>Verantwortliche Stelle f\u00fcr die Datenverarbeitung auf dieser Website ist:<\/p><p data-start=\"3225\" data-end=\"3537\"><strong data-start=\"3225\" data-end=\"3254\">MG Energy Consulting GmbH<\/strong><\/p><p>Im Mittelweg 43 | 55294 Bodenheim<\/p><p>+49 175 6625943<br \/>info@mg-energyconsulting.de<br \/>USt-IdNr.: DE 368052738<\/p><p>Steuer-Nr.: 44 654 701 64<\/p><p>HRB 53594 Amtsgericht Mainz<\/p><p>Vertreten durch die Gesch\u00e4ftsf\u00fchrer:<\/p><p>Marcel Gareis<\/p>\t\t\t\t\t\t\t\t<\/div>\n\t\t\t\t<\/div>\n\t\t\t\t\t<\/div>\n\t\t<\/div>\n\t\t\t\t\t<\/div>\n\t\t<\/section>\n\t\t\t\t<\/div>\n\t\t","protected":false},"excerpt":{"rendered":"<p>Datenschutzerkl\u00e4rung 1. Datenschutz auf einen Blick Allgemeine HinweiseDie folgenden Hinweise geben einen einfachen \u00dcberblick dar\u00fcber, was mit Ihren personenbezogenen Daten passiert, wenn Sie diese Website besuchen. Personenbezogene Daten sind alle Daten, mit denen Sie pers\u00f6nlich identifiziert werden k\u00f6nnen. Ausf\u00fchrliche Informationen zum Thema Datenschutz entnehmen Sie unserer unter diesem Text aufgef\u00fchrten Datenschutzerkl\u00e4rung. Datenerfassung auf dieser WebsiteWer [&hellip;]<\/p>\n","protected":false},"author":6,"featured_media":0,"parent":0,"menu_order":0,"comment_status":"closed","ping_status":"closed","template":"page-templates\/fullwidth-content.php","meta":{"_coblocks_attr":"","_coblocks_dimensions":"","_coblocks_responsive_height":"","_coblocks_accordion_ie_support":"","footnotes":""},"class_list":["post-2057","page","type-page","status-publish","hentry"],"_links":{"self":[{"href":"https:\/\/mg-energyconsulting.de\/index.php?rest_route=\/wp\/v2\/pages\/2057","targetHints":{"allow":["GET"]}}],"collection":[{"href":"https:\/\/mg-energyconsulting.de\/index.php?rest_route=\/wp\/v2\/pages"}],"about":[{"href":"https:\/\/mg-energyconsulting.de\/index.php?rest_route=\/wp\/v2\/types\/page"}],"author":[{"embeddable":true,"href":"https:\/\/mg-energyconsulting.de\/index.php?rest_route=\/wp\/v2\/users\/6"}],"replies":[{"embeddable":true,"href":"https:\/\/mg-energyconsulting.de\/index.php?rest_route=%2Fwp%2Fv2%2Fcomments&post=2057"}],"version-history":[{"count":48,"href":"https:\/\/mg-energyconsulting.de\/index.php?rest_route=\/wp\/v2\/pages\/2057\/revisions"}],"predecessor-version":[{"id":3202,"href":"https:\/\/mg-energyconsulting.de\/index.php?rest_route=\/wp\/v2\/pages\/2057\/revisions\/3202"}],"wp:attachment":[{"href":"https:\/\/mg-energyconsulting.de\/index.php?rest_route=%2Fwp%2Fv2%2Fmedia&parent=2057"}],"curies":[{"name":"wp","href":"https:\/\/api.w.org\/{rel}","templated":true}]}}